{"id":2,"date":"2024-10-22T11:49:45","date_gmt":"2024-10-22T09:49:45","guid":{"rendered":"http:\/\/inokaj.pl\/?page_id=2"},"modified":"2025-06-28T13:56:19","modified_gmt":"2025-06-28T11:56:19","slug":"przykladowa-strona","status":"publish","type":"page","link":"https:\/\/inokaj.pl\/index.php\/przykladowa-strona\/","title":{"rendered":"O nas"},"content":{"rendered":"\n<p><strong>Nasza marka:<\/strong><\/p>\n\n\n\n<p>iNO KAJ<\/p>\n\n\n\n<figure class=\"wp-block-image size-large is-resized\"><img loading=\"lazy\" decoding=\"async\" width=\"1024\" height=\"1003\" src=\"http:\/\/inokaj.pl\/wp-content\/uploads\/2025\/06\/20250212_151916-1024x1003.jpg\" alt=\"\" class=\"wp-image-48\" style=\"width:506px;height:auto\" srcset=\"https:\/\/inokaj.pl\/wp-content\/uploads\/2025\/06\/20250212_151916-1024x1003.jpg 1024w, https:\/\/inokaj.pl\/wp-content\/uploads\/2025\/06\/20250212_151916-300x294.jpg 300w, https:\/\/inokaj.pl\/wp-content\/uploads\/2025\/06\/20250212_151916-768x752.jpg 768w, https:\/\/inokaj.pl\/wp-content\/uploads\/2025\/06\/20250212_151916-1536x1504.jpg 1536w, https:\/\/inokaj.pl\/wp-content\/uploads\/2025\/06\/20250212_151916-2048x2005.jpg 2048w\" sizes=\"auto, (max-width: 1024px) 100vw, 1024px\" \/><\/figure>\n\n\n\n<p><strong>Nasze biuro jest czynne od poniedzia\u0142ku do czwartku w godzinach:<\/strong><\/p>\n\n\n\n<p>PONIEDZIA\u0141EK od 10.00 do 14.00<\/p>\n\n\n\n<p>WTOREK od 10.00 do 14.00<\/p>\n\n\n\n<p>\u015aRODA od 12.00 do 17.00<\/p>\n\n\n\n<p>CZWARTEK od 10.00 do 14.00<\/p>\n\n\n\n<p>PI\u0104TEK nieczynne<\/p>\n\n\n\n<p><strong>Nasz adres:<\/strong><\/p>\n\n\n\n<p>Dom \u015al\u0105ski im. dr \u0141ucji Staniczkowej, Katowice, ul. P. Stalmacha 17<\/p>\n\n\n\n<p>wej\u015bcie przez furtk\u0119 mi\u0119dzy bram\u0105 wjazdow\u0105 a schodami, domofon nr 2<\/p>\n\n\n\n<p><strong>Nasz telefon:<\/strong><\/p>\n\n\n\n<p>(+48) 516 053 760<\/p>\n\n\n\n<p><strong>Nasz adres e-mail:<\/strong><\/p>\n\n\n\n<p>inokaj@zg.org.pl<\/p>\n\n\n\n<p><strong>Nasz Facebook:<\/strong><\/p>\n\n\n\n<p><a href=\"https:\/\/www.facebook.com\/inokaj.zg\">https:\/\/www.facebook.com\/inokaj.zg<\/a><\/p>\n\n\n\n<p><strong>Nasz Instagram:<\/strong><\/p>\n\n\n\n<p><a href=\"https:\/\/www.instagram.com\/inokaj_zwiazekgornoslaski\">https:\/\/www.instagram.com\/inokaj_zwiazekgornoslaski<\/a><\/p>\n\n\n\n<p><strong>Nasza Grupa iNO KAJ na Whatsappie:<\/strong><\/p>\n\n\n\n<p><a href=\"https:\/\/chat.whatsapp.com\/FmXhntOaX788bsI814QXMl\">https:\/\/chat.whatsapp.com\/FmXhntOaX788bsI814QXMl<\/a><\/p>\n\n\n\n<p><strong>Nasze konto bankowe:<\/strong><\/p>\n\n\n\n<p>Zwi\u0105zek G\u00f3rno\u015bl\u0105ski PKO BP 75 1020 2313 0000 3002 1153 2811<\/p>\n\n\n\n<p><strong>Nasze dane do faktury:<\/strong><\/p>\n\n\n\n<p>Zwi\u0105zek G\u00f3rno\u015bl\u0105ski<\/p>\n\n\n\n<p>ul. P. Stalmacha 17<\/p>\n\n\n\n<p>40 &#8211; 058 Katowice<\/p>\n\n\n\n<p>NIP 634 003 22 26<\/p>\n\n\n\n<p><a href=\"https:\/\/zwiazekgornoslaski.pl\/#kontakt\" data-type=\"link\" data-id=\"https:\/\/zwiazekgornoslaski.pl\/#kontakt\">strona internetowa Zwi\u0105zku G\u00f3rno\u015bl\u0105skiego<\/a><\/p>\n\n\n\n<p><strong>Nasz wpis do Rejestru Organizator\u00f3w Turystyki:<\/strong><\/p>\n\n\n\n<p>dokonany przez Marsza\u0142ka Wojew\u00f3dztwa \u015al\u0105skiego pod nr. 1801<\/p>\n\n\n\n<p><strong>Nasz wpis do ewidencji Turystycznego Funduszu Gwarancyjnego:<\/strong><\/p>\n\n\n\n<p><a href=\"https:\/\/ewidencja.ufg.pl\/ewidencja\/obywatel\/wyszukiwanie\/70021\">https:\/\/ewidencja.ufg.pl\/ewidencja\/obywatel\/wyszukiwanie\/70021<\/a><\/p>\n\n\n\n<p><strong>Nasza aktualna gwarancja ubezpieczeniowa turystyczna:<\/strong><\/p>\n\n\n\n<p>udzielona przez <a href=\"https:\/\/www.signal-iduna.pl\/\" data-type=\"link\" data-id=\"https:\/\/www.signal-iduna.pl\/\">Signal Iduna Polska Towarzystwo Ubezpiecze\u0144 S.A.<\/a> o numerze M 527767<\/p>\n\n\n\n<p><strong>Nasze cz\u0142onkostwo w organizacjach zrzeszaj\u0105cych organizator\u00f3w turystyki:<\/strong><\/p>\n\n\n\n<p><a href=\"https:\/\/sit.travel\/\" data-type=\"link\" data-id=\"https:\/\/sit.travel\/\">\u015al\u0105ska Izba Turystyki<\/a> i <a href=\"https:\/\/itrp.pl\/\" data-type=\"link\" data-id=\"https:\/\/itrp.pl\/\">Izba Turystyki Rzeczypospolitej Polskiej<\/a><\/p>\n\n\n\n<p><\/p>\n","protected":false},"excerpt":{"rendered":"<p>Nasza marka: iNO KAJ Nasze biuro jest czynne od poniedzia\u0142ku do czwartku w godzinach: PONIEDZIA\u0141EK od 10.00 do 14.00 WTOREK od 10.00 do 14.00 \u015aRODA od 12.00 do 17.00 CZWARTEK od 10.00 do 14.00 PI\u0104TEK nieczynne Nasz adres: Dom \u015al\u0105ski im. dr \u0141ucji Staniczkowej, Katowice, ul. P. Stalmacha 17 wej\u015bcie przez furtk\u0119 mi\u0119dzy bram\u0105 wjazdow\u0105 [&hellip;]<\/p>\n","protected":false},"author":1,"featured_media":48,"parent":0,"menu_order":0,"comment_status":"closed","ping_status":"open","template":"","meta":{"footnotes":""},"class_list":["post-2","page","type-page","status-publish","has-post-thumbnail","hentry"],"blocksy_meta":[],"_links":{"self":[{"href":"https:\/\/inokaj.pl\/index.php\/wp-json\/wp\/v2\/pages\/2","targetHints":{"allow":["GET"]}}],"collection":[{"href":"https:\/\/inokaj.pl\/index.php\/wp-json\/wp\/v2\/pages"}],"about":[{"href":"https:\/\/inokaj.pl\/index.php\/wp-json\/wp\/v2\/types\/page"}],"author":[{"embeddable":true,"href":"https:\/\/inokaj.pl\/index.php\/wp-json\/wp\/v2\/users\/1"}],"replies":[{"embeddable":true,"href":"https:\/\/inokaj.pl\/index.php\/wp-json\/wp\/v2\/comments?post=2"}],"version-history":[{"count":6,"href":"https:\/\/inokaj.pl\/index.php\/wp-json\/wp\/v2\/pages\/2\/revisions"}],"predecessor-version":[{"id":56,"href":"https:\/\/inokaj.pl\/index.php\/wp-json\/wp\/v2\/pages\/2\/revisions\/56"}],"wp:featuredmedia":[{"embeddable":true,"href":"https:\/\/inokaj.pl\/index.php\/wp-json\/wp\/v2\/media\/48"}],"wp:attachment":[{"href":"https:\/\/inokaj.pl\/index.php\/wp-json\/wp\/v2\/media?parent=2"}],"curies":[{"name":"wp","href":"https:\/\/api.w.org\/{rel}","templated":true}]}}