{"id":35,"date":"2025-04-15T14:48:15","date_gmt":"2025-04-15T12:48:15","guid":{"rendered":"https:\/\/inokaj.pl\/?page_id=35"},"modified":"2025-06-28T14:49:52","modified_gmt":"2025-06-28T12:49:52","slug":"nasza-oferta","status":"publish","type":"page","link":"https:\/\/inokaj.pl\/index.php\/nasza-oferta\/","title":{"rendered":"Zwiedzaj z nami Sejm RP"},"content":{"rendered":"\n<figure class=\"wp-block-image size-large is-resized\"><img loading=\"lazy\" decoding=\"async\" width=\"1024\" height=\"682\" src=\"https:\/\/inokaj.pl\/wp-content\/uploads\/2025\/06\/2024_06_26_ZG_Wycieczka_Sejm_RP_Artur_Stanczyk_146-1024x682.jpg\" alt=\"\" class=\"wp-image-58\" style=\"width:641px;height:auto\" srcset=\"https:\/\/inokaj.pl\/wp-content\/uploads\/2025\/06\/2024_06_26_ZG_Wycieczka_Sejm_RP_Artur_Stanczyk_146-1024x682.jpg 1024w, https:\/\/inokaj.pl\/wp-content\/uploads\/2025\/06\/2024_06_26_ZG_Wycieczka_Sejm_RP_Artur_Stanczyk_146-300x200.jpg 300w, https:\/\/inokaj.pl\/wp-content\/uploads\/2025\/06\/2024_06_26_ZG_Wycieczka_Sejm_RP_Artur_Stanczyk_146-768x511.jpg 768w, https:\/\/inokaj.pl\/wp-content\/uploads\/2025\/06\/2024_06_26_ZG_Wycieczka_Sejm_RP_Artur_Stanczyk_146-1536x1022.jpg 1536w, https:\/\/inokaj.pl\/wp-content\/uploads\/2025\/06\/2024_06_26_ZG_Wycieczka_Sejm_RP_Artur_Stanczyk_146.jpg 2048w\" sizes=\"auto, (max-width: 1024px) 100vw, 1024px\" \/><\/figure>\n\n\n\n<p><strong>Najbli\u017csze terminy wycieczek do Warszawy ze zwiedzaniem Sejmu RP to:<\/strong><\/p>\n\n\n\n<p>czwartek 10 lipca 2025 r. z Mys\u0142owic, Katowic i Siemianowic \u015al\u0105skich &#8211; brak wolnych miejsc<\/p>\n\n\n\n<p>czwartek 11 wrze\u015bnia 2025 r, z Katowic, Siemianowic \u015al\u0105skich i Piekar \u015al\u0105skich &#8211; trwaj\u0105 zapisy<\/p>\n\n\n\n<p>\u015broda 24 wrze\u015bnia 2025 r. z Suszca i Pszczyny &#8211; trwaj\u0105 zapisy<\/p>\n\n\n\n<p><strong>Program wycieczki:<\/strong><\/p>\n\n\n\n<p>6.30 &#8211; 7.45 &#8211; wyjazd z ustalonych miejsc<\/p>\n\n\n\n<p>10.30 &#8211; 11.00 &#8211; post\u00f3j na parkingu w Mszczonowie przy trasie S-8 (restauracja McDonald&#8217;s)<\/p>\n\n\n\n<p>12.15 &#8211; 12.45 &#8211; przejazd Traktem Kr\u00f3lewskim (dzielnica rz\u0105dowo-dyplomatyczna)<\/p>\n\n\n\n<p>12.45 &#8211; 14.45 &#8211; wizyta w Sejmie RP, spotkanie z pos\u0142em, udzia\u0142 w obradach, zwiedzanie parlamentu<\/p>\n\n\n\n<p>14.45 &#8211; 16.15 &#8211; obiad w restauracji na mie\u015bcie (zupa, II danie mi\u0119sne, nap\u00f3j i deser)<\/p>\n\n\n\n<p>16.15 &#8211; 16.45 &#8211; przejazd na Stare Miasto<\/p>\n\n\n\n<p>16.45 &#8211; 17.30 &#8211; wsp\u00f3lne zwiedzanie Starego Miasta<\/p>\n\n\n\n<p>17.30 &#8211; 18.15 &#8211; czas wolny na Starym Mie\u015bcie<\/p>\n\n\n\n<p>18.15 &#8211; zbi\u00f3rka wszystkich uczestnik\u00f3w przy Kolumnie Zygmunta na Placu Zamkowym i przej\u015bcie do autokaru<\/p>\n\n\n\n<p>18.30 &#8211; 23.00 &#8211; powr\u00f3t do ustalonych miejsc<\/p>\n\n\n\n<p><strong>Dodatkowe informacje:<\/strong><\/p>\n\n\n\n<p>Pilotem i przewodnikiem b\u0119dzie Grzegorz Franki &#8211; prezes Zwi\u0105zku G\u00f3rno\u015bl\u0105skiego, kt\u00f3ry w latach 2007 &#8211; 2014 pracowa\u0142 i mieszka\u0142 na terenie Sejmu RP.<\/p>\n\n\n\n<p>Program mo\u017ce ulec przesuni\u0119ciom czasowym spowodowanym czynnikami niezale\u017cnymi od organizatora.<\/p>\n\n\n\n<p>Ze wzgl\u0119du na wizyt\u0119 w Sejmie RP przy zg\u0142oszeniu na wycieczk\u0119 nale\u017cy poda\u0107 nr PESEL, kt\u00f3ry organizator musi przekaza\u0107 Stra\u017cy Marsza\u0142kowskiej. Przed wej\u015bciem na teren parlamentu wszyscy uczestnicy wycieczki musz\u0105 podda\u0107 si\u0119 kontroli osobistej (podobnej jak np. na lotniskach).<\/p>\n\n\n\n<p>Zwiedzanie Sejmu jest bezp\u0142atne.<\/p>\n\n\n\n<p><strong>Cena wycieczki to 190 z\u0142 i zawiera:<\/strong><\/p>\n\n\n\n<p>przejazd autokarem, ubezpieczenie NNW, opieka pilota, zwiedzanie Warszawy oraz obiad w restauracji.<\/p>\n\n\n\n<p><strong>Uwaga:<\/strong><\/p>\n\n\n\n<p>Zastrzegamy sobie prawo do odwo\u0142ania lub zmiany terminu wycieczki w przypadku, gdyby odwo\u0142ane zosta\u0142y obrady Sejmu, nast\u0105pi\u0142y ograniczenia wst\u0119pu na teren parlamentu wprowadzone przez Kancelari\u0119 Sejmu, albo wyst\u0119powa\u0142yby utrudnienia drogowe i inne spowodowane np. manifestacjami, blokadami dr\u00f3g itp.<\/p>\n\n\n\n<p><strong>Zapisy w naszym Biurze:<\/strong><\/p>\n\n\n\n<p>poniedzia\u0142ki, wtorki i czwartki od 10.00 do 14.00, a w \u015brody od 12.00 do 17.00 &#8211; tel. 516 053 760, Katowice, ul. Stalmacha 17<\/p>\n\n\n\n<p><strong>Zap\u0142ata za wycieczk\u0119:<\/strong><\/p>\n\n\n\n<p>przelewem na konto bankowe: Zwi\u0105zek G\u00f3rno\u015bl\u0105ski   PKO BP   75 1020 2313 0000 3002 1153 2811<\/p>\n\n\n\n<p>lub<\/p>\n\n\n\n<p>got\u00f3wk\u0105 w biurze przy ul. Stalmacha 17 w Katowicach (Dom \u015al\u0105ski im. dr \u0141ucji Staniczkowej, wej\u015bcie furtk\u0105 mi\u0119dzy bram\u0105 wjazdow\u0105 a schodami, domofon nr 2) w godzinach pracy (poniedzia\u0142ki, wtorki i czwartki od 10.00 do 14.00, a w \u015brody od 12.00 do 17.00) <\/p>\n\n\n\n<p><strong>Zapraszamy serdecznie!<\/strong><\/p>\n\n\n\n<p><\/p>\n","protected":false},"excerpt":{"rendered":"<p>Najbli\u017csze terminy wycieczek do Warszawy ze zwiedzaniem Sejmu RP to: czwartek 10 lipca 2025 r. z Mys\u0142owic, Katowic i Siemianowic \u015al\u0105skich &#8211; brak wolnych miejsc czwartek 11 wrze\u015bnia 2025 r, z Katowic, Siemianowic \u015al\u0105skich i Piekar \u015al\u0105skich &#8211; trwaj\u0105 zapisy \u015broda 24 wrze\u015bnia 2025 r. z Suszca i Pszczyny &#8211; trwaj\u0105 zapisy Program wycieczki: 6.30 [&hellip;]<\/p>\n","protected":false},"author":1,"featured_media":0,"parent":0,"menu_order":0,"comment_status":"closed","ping_status":"closed","template":"","meta":{"footnotes":""},"class_list":["post-35","page","type-page","status-publish","hentry"],"blocksy_meta":[],"_links":{"self":[{"href":"https:\/\/inokaj.pl\/index.php\/wp-json\/wp\/v2\/pages\/35","targetHints":{"allow":["GET"]}}],"collection":[{"href":"https:\/\/inokaj.pl\/index.php\/wp-json\/wp\/v2\/pages"}],"about":[{"href":"https:\/\/inokaj.pl\/index.php\/wp-json\/wp\/v2\/types\/page"}],"author":[{"embeddable":true,"href":"https:\/\/inokaj.pl\/index.php\/wp-json\/wp\/v2\/users\/1"}],"replies":[{"embeddable":true,"href":"https:\/\/inokaj.pl\/index.php\/wp-json\/wp\/v2\/comments?post=35"}],"version-history":[{"count":6,"href":"https:\/\/inokaj.pl\/index.php\/wp-json\/wp\/v2\/pages\/35\/revisions"}],"predecessor-version":[{"id":62,"href":"https:\/\/inokaj.pl\/index.php\/wp-json\/wp\/v2\/pages\/35\/revisions\/62"}],"wp:attachment":[{"href":"https:\/\/inokaj.pl\/index.php\/wp-json\/wp\/v2\/media?parent=35"}],"curies":[{"name":"wp","href":"https:\/\/api.w.org\/{rel}","templated":true}]}}