{"id":7,"date":"2024-10-22T12:06:31","date_gmt":"2024-10-22T10:06:31","guid":{"rendered":"http:\/\/inokaj.pl\/?page_id=7"},"modified":"2025-04-15T14:49:22","modified_gmt":"2025-04-15T12:49:22","slug":"home","status":"publish","type":"page","link":"https:\/\/inokaj.pl\/","title":{"rendered":"Home"},"content":{"rendered":"\n<div class=\"wp-block-stackable-columns alignfull stk-block-columns stk-block stk-9ddf5d8 stk-block-background\" data-block-id=\"9ddf5d8\"><style>.stk-9ddf5d8 {background-color:#fede00 !important;min-height:80vh !important;padding-top:0px !important;padding-right:0px !important;padding-bottom:0px !important;padding-left:0px !important;margin-bottom:0px !important;}.stk-9ddf5d8:before{background-color:#fede00 !important;}<\/style><div class=\"stk-row stk-inner-blocks stk-block-content stk-content-align stk-9ddf5d8-column alignfull\">\n<div class=\"wp-block-stackable-column stk-block-column stk-column stk-block stk-a8c8677\" data-v=\"4\" data-block-id=\"a8c8677\"><style>.stk-a8c8677-container{margin-top:0px !important;margin-right:0px !important;margin-bottom:0px !important;margin-left:0px !important;}<\/style><div class=\"stk-column-wrapper stk-block-column__content stk-container stk-a8c8677-container stk--no-background stk--no-padding\"><div class=\"stk-block-content stk-inner-blocks stk-a8c8677-inner-blocks\">\n<div class=\"wp-block-stackable-image stk-block-image stk-block stk-7776edf\" data-block-id=\"7776edf\"><style>.stk-7776edf .stk-img-wrapper{width:100% !important;height:750px !important;}<\/style><figure><span class=\"stk-img-wrapper stk-image--shape-stretch\"><img loading=\"lazy\" decoding=\"async\" class=\"stk-img wp-image-15\" src=\"http:\/\/inokaj.pl\/wp-content\/uploads\/2024\/10\/inokaj_foto.jpeg\" width=\"2560\" height=\"1920\" srcset=\"https:\/\/inokaj.pl\/wp-content\/uploads\/2024\/10\/inokaj_foto.jpeg 2560w, https:\/\/inokaj.pl\/wp-content\/uploads\/2024\/10\/inokaj_foto-300x225.jpeg 300w, https:\/\/inokaj.pl\/wp-content\/uploads\/2024\/10\/inokaj_foto-1024x768.jpeg 1024w, https:\/\/inokaj.pl\/wp-content\/uploads\/2024\/10\/inokaj_foto-768x576.jpeg 768w, https:\/\/inokaj.pl\/wp-content\/uploads\/2024\/10\/inokaj_foto-1536x1152.jpeg 1536w, https:\/\/inokaj.pl\/wp-content\/uploads\/2024\/10\/inokaj_foto-2048x1536.jpeg 2048w\" sizes=\"auto, (max-width: 2560px) 100vw, 2560px\" \/><\/span><\/figure><\/div>\n<\/div><\/div><\/div>\n\n\n\n<div class=\"wp-block-stackable-column stk-block-column stk-column stk-block stk-ba953f3\" data-v=\"4\" data-block-id=\"ba953f3\"><style>.stk-ba953f3-container{margin-top:32px !important;margin-right:32px !important;margin-bottom:32px !important;margin-left:32px !important;}.stk-ba953f3-inner-blocks{justify-content:center !important;}<\/style><div class=\"stk-column-wrapper stk-block-column__content stk-container stk-ba953f3-container stk--no-background stk--no-padding\"><div class=\"has-text-align-left stk--column-flex stk-block-content stk-inner-blocks stk-ba953f3-inner-blocks\">\n<div class=\"wp-block-stackable-heading stk-block-heading stk-block-heading--v2 stk-block stk-c2e421c\" id=\"roztomili\" data-block-id=\"c2e421c\"><h1 class=\"stk-block-heading__text\">Roztomili,<\/h1><\/div>\n\n\n\n<div class=\"wp-block-stackable-text stk-block-text stk-block stk-4d27c86\" data-block-id=\"4d27c86\"><style>.stk-4d27c86 .stk-block-text__text{font-size:18px !important;}@media screen and (max-width: 1023px){.stk-4d27c86 .stk-block-text__text{font-size:18px !important;}}<\/style><p class=\"stk-block-text__text\">witajcie na stronie Bractwa Turystyki i Krajoznawstwa iNO KAJ Zwi\u0105zku G\u00f3rno\u015bl\u0105skiego. Jeste\u015bmy wci\u0105\u017c powi\u0119kszaj\u0105c\u0105 si\u0119 grup\u0105 fascynat\u00f3w, mi\u0142o\u015bnik\u00f3w i znawc\u00f3w G\u00f3rnego \u015al\u0105ska oraz amator\u00f3w podr\u00f3\u017cy krajowych i zagranicznych.<\/p><\/div>\n\n\n\n<div class=\"wp-block-stackable-text stk-block-text stk-block stk-ff0241f\" data-block-id=\"ff0241f\"><style>.stk-ff0241f .stk-block-text__text{font-size:18px !important;}@media screen and (max-width: 1023px){.stk-ff0241f .stk-block-text__text{font-size:18px !important;}}<\/style><p class=\"stk-block-text__text\">Zapraszamy, aby razem z nami sp\u0119dza\u0107 mi\u0142o czas, a tak\u017ce odwiedza\u0107 i poznawa\u0107 ciekawe miejsca. <\/p><\/div>\n\n\n\n<div class=\"wp-block-stackable-button-group stk-block-button-group stk-block stk-071ee09\" data-block-id=\"071ee09\"><style>.stk-071ee09 .stk-button-group{flex-direction:row !important;}@media screen and (max-width: 1023px){.stk-071ee09 .stk-button-group{flex-direction:row !important;}}@media screen and (max-width: 767px){.stk-071ee09 .stk-button-group{flex-direction:row !important;}}<\/style><div class=\"stk-row stk-inner-blocks has-text-align-center stk-block-content stk-button-group\">\n<div class=\"wp-block-stackable-button stk-block-button has-text-align-center stk-block stk-e2a3a76\" data-block-id=\"e2a3a76\"><style>.stk-e2a3a76 .stk-button__inner-text{color:var(--theme-palette-color-8, #ffffff) !important;}<\/style><a class=\"stk-link stk-button stk--hover-effect-darken\" href=\"\"><span class=\"has-text-color stk-button__inner-text\"><strong>Napisz do nas<\/strong><\/span><\/a><\/div>\n<\/div><\/div>\n<\/div><\/div><\/div>\n<\/div><\/div>\n\n\n\n<div class=\"wp-block-stackable-columns alignfull stk-block-columns stk-block stk-29e1461\" data-block-id=\"29e1461\"><div class=\"stk-row stk-inner-blocks stk-block-content stk-content-align stk-29e1461-column alignfull\">\n<div class=\"wp-block-stackable-column stk-block-column stk-column stk-block stk-b2e3ceb\" data-v=\"4\" data-block-id=\"b2e3ceb\"><style>.stk-b2e3ceb-container{margin-top:0px !important;margin-right:0px !important;margin-bottom:0px !important;margin-left:0px !important;}<\/style><div class=\"stk-column-wrapper stk-block-column__content stk-container stk-b2e3ceb-container stk--no-background stk--no-padding\"><div class=\"stk-block-content stk-inner-blocks stk-b2e3ceb-inner-blocks\">\n<div class=\"wp-block-stackable-image stk-block-image stk-block stk-3bdce6e\" data-block-id=\"3bdce6e\"><style>.stk-3bdce6e .stk-img-wrapper{width:100% !important;height:750px !important;}<\/style><figure><span class=\"stk-img-wrapper stk-image--shape-stretch\"><img loading=\"lazy\" decoding=\"async\" class=\"stk-img wp-image-15\" src=\"http:\/\/inokaj.pl\/wp-content\/uploads\/2024\/10\/inokaj_foto.jpeg\" width=\"2560\" height=\"1920\" srcset=\"https:\/\/inokaj.pl\/wp-content\/uploads\/2024\/10\/inokaj_foto.jpeg 2560w, https:\/\/inokaj.pl\/wp-content\/uploads\/2024\/10\/inokaj_foto-300x225.jpeg 300w, https:\/\/inokaj.pl\/wp-content\/uploads\/2024\/10\/inokaj_foto-1024x768.jpeg 1024w, https:\/\/inokaj.pl\/wp-content\/uploads\/2024\/10\/inokaj_foto-768x576.jpeg 768w, https:\/\/inokaj.pl\/wp-content\/uploads\/2024\/10\/inokaj_foto-1536x1152.jpeg 1536w, https:\/\/inokaj.pl\/wp-content\/uploads\/2024\/10\/inokaj_foto-2048x1536.jpeg 2048w\" sizes=\"auto, (max-width: 2560px) 100vw, 2560px\" \/><\/span><\/figure><\/div>\n<\/div><\/div><\/div>\n\n\n\n<div class=\"wp-block-stackable-column stk-block-column stk-column stk-block stk-b7e2e2a\" data-v=\"4\" data-block-id=\"b7e2e2a\"><style>.stk-b7e2e2a-container{margin-top:32px !important;margin-right:32px !important;margin-bottom:32px !important;margin-left:32px !important;}.stk-b7e2e2a-inner-blocks{justify-content:center !important;}<\/style><div class=\"stk-column-wrapper stk-block-column__content stk-container stk-b7e2e2a-container stk--no-background stk--no-padding\"><div class=\"has-text-align-left stk--column-flex stk-block-content stk-inner-blocks stk-b7e2e2a-inner-blocks\">\n<div class=\"wp-block-stackable-heading stk-block-heading stk-block-heading--v2 stk-block stk-29b3236\" id=\"badz-z-nami-na-whats-appie\" data-block-id=\"29b3236\"><h1 class=\"stk-block-heading__text\">B\u0105d\u017a z nami na WhatsAppie,<\/h1><\/div>\n\n\n\n<div class=\"wp-block-stackable-text stk-block-text stk-block stk-2f53c3c\" data-block-id=\"2f53c3c\"><style>.stk-2f53c3c .stk-block-text__text{font-size:18px !important;}@media screen and (max-width: 1023px){.stk-2f53c3c .stk-block-text__text{font-size:18px !important;}}<\/style><p class=\"stk-block-text__text\">a wtedy dowiesz si\u0119 o naszych wydarzeniach jako pierwszy.<\/p><\/div>\n\n\n\n<div class=\"wp-block-stackable-text stk-block-text stk-block stk-a983641\" data-block-id=\"a983641\"><style>.stk-a983641 .stk-block-text__text{font-size:18px !important;}@media screen and (max-width: 1023px){.stk-a983641 .stk-block-text__text{font-size:18px !important;}}<\/style><p class=\"stk-block-text__text\">Aby si\u0119 zapisa\u0107 wy\u015blij do nas SMSa o tre\u015bci INO KAJ na nr 516 053 760 &#8211; wpiszemy Ci\u0119.<\/p><\/div>\n\n\n\n<p class=\"has-small-font-size\">PS. W grupie nie ma dyskusji, ani komentarzy. S\u0105 tylko og\u0142oszenia, nie wi\u0119cej ni\u017c jedno na dzie\u0144.<\/p>\n<\/div><\/div><\/div>\n<\/div><\/div>\n","protected":false},"excerpt":{"rendered":"<p>Roztomili, witajcie na stronie Bractwa Turystyki i Krajoznawstwa iNO KAJ Zwi\u0105zku G\u00f3rno\u015bl\u0105skiego. Jeste\u015bmy wci\u0105\u017c powi\u0119kszaj\u0105c\u0105 si\u0119 grup\u0105 fascynat\u00f3w, mi\u0142o\u015bnik\u00f3w i znawc\u00f3w G\u00f3rnego \u015al\u0105ska oraz amator\u00f3w podr\u00f3\u017cy krajowych i zagranicznych. Zapraszamy, aby razem z nami sp\u0119dza\u0107 mi\u0142o czas, a tak\u017ce odwiedza\u0107 i poznawa\u0107 ciekawe miejsca. Napisz do nas B\u0105d\u017a z nami na WhatsAppie, a wtedy dowiesz [&hellip;]<\/p>\n","protected":false},"author":1,"featured_media":0,"parent":0,"menu_order":0,"comment_status":"closed","ping_status":"closed","template":"","meta":{"footnotes":""},"class_list":["post-7","page","type-page","status-publish","hentry"],"blocksy_meta":{"vertical_spacing_source":"custom","content_area_spacing":"bottom","styles_descriptor":{"styles":{"desktop":"","tablet":"","mobile":""},"google_fonts":[],"version":6}},"_links":{"self":[{"href":"https:\/\/inokaj.pl\/index.php\/wp-json\/wp\/v2\/pages\/7","targetHints":{"allow":["GET"]}}],"collection":[{"href":"https:\/\/inokaj.pl\/index.php\/wp-json\/wp\/v2\/pages"}],"about":[{"href":"https:\/\/inokaj.pl\/index.php\/wp-json\/wp\/v2\/types\/page"}],"author":[{"embeddable":true,"href":"https:\/\/inokaj.pl\/index.php\/wp-json\/wp\/v2\/users\/1"}],"replies":[{"embeddable":true,"href":"https:\/\/inokaj.pl\/index.php\/wp-json\/wp\/v2\/comments?post=7"}],"version-history":[{"count":14,"href":"https:\/\/inokaj.pl\/index.php\/wp-json\/wp\/v2\/pages\/7\/revisions"}],"predecessor-version":[{"id":44,"href":"https:\/\/inokaj.pl\/index.php\/wp-json\/wp\/v2\/pages\/7\/revisions\/44"}],"wp:attachment":[{"href":"https:\/\/inokaj.pl\/index.php\/wp-json\/wp\/v2\/media?parent=7"}],"curies":[{"name":"wp","href":"https:\/\/api.w.org\/{rel}","templated":true}]}}